{"id":2089,"date":"2021-07-13T14:35:55","date_gmt":"2021-07-13T14:35:55","guid":{"rendered":"https:\/\/eg.new-consulting.pt\/devp\/?page_id=2089"},"modified":"2022-02-24T15:08:39","modified_gmt":"2022-02-24T15:08:39","slug":"objectives","status":"publish","type":"page","link":"https:\/\/easygov.bio.uminho.pt\/index.php\/objectives\/","title":{"rendered":"Objectives"},"content":{"rendered":"<p>[vc_row tm_bgimagefixed=&#8221;&#8221; break_in_responsive=&#8221;991&#8243; css=&#8221;.vc_custom_1577969872277{padding-top: 90px !important;padding-bottom: 80px !important;}&#8221; tm_responsive_css=&#8221;48258841|colbreak_no|||||||||colbreak_no|||||35px||50px||colbreak_no||||||||||colbreak_no|||||||||&#8221;][vc_column width=&#8221;1\/2&#8243; css=&#8221;.vc_custom_1574756858211{padding-top: 10px !important;}&#8221;]<div class=\"tm-element-heading-wrapper tm-heading-inner tm-element-align-left tm-seperator-none tm-heading-style-vertical \"><section class=\"tm-vc_cta3-container\"><div class=\"tm-vc_general tm-vc_cta3 tm-cta3-only tm-vc_cta3-style-classic tm-vc_cta3-shape-rounded tm-vc_cta3-align-left tm-vc_cta3-color-transparent tm-vc_cta3-icon-size-md tm-vc_cta3-actions-no tm-cta3-with-desc\"><div class=\"tm-vc_cta3_content-container\"><div class=\"tm-vc_cta3-content\"><header class=\"tm-vc_cta3-content-header tm-wrap\"><div class=\"tm-vc_cta3-headers tm-wrap-cell\"><h2 class=\"tm-custom-heading \" >Objectives<\/h2>\n<\/div><div class=\"heading-seperator\"><span><\/span><\/div><\/header><div class=\"tm-cta3-content-wrapper\">\n<p lang=\"en-US\" align=\"justify\"><span style=\"color: #000000;\">The EASY GOV Project &#8211; Laboratory Management Platform, coordinated by the University of Minho, was approved under the Strategic Partnerships Action of the Erasmus + Programme, in response to the COVID-19 situation and obtained EU funding of \u20ac262,040.00. The project has as partners the institutions: Universita Degli Studi Di Siena (Italy), University of Thessaly \/ Panepistimo Thessalia (Greece), Rigas Stradin\u00f0 University (Latvia) and New Consulting &#8211; Sistemas de Informa\u00e7\u00e3o, Lda (Portugal).<\/span><\/p>\n<p lang=\"en-US\" align=\"justify\"><span style=\"color: #000000;\">EASY GOV aims to use the potential of Europe\u2019s lab staff originating from higher education\u2019s institutes , in order to exchange and transfer knowledge and know-how of good laboratory management practices between partners, by the creation and development of a network that will provide opportunities for cooperation among stakeholders, in order to foster employability and personal development.<\/span><\/p>\n<p lang=\"en-US\" align=\"justify\"><span style=\"color: #000000;\">The main objective of EASY GOV is to offer a simplified, assertive and innovative laboratory management platform in order to increase the efficiency of human resources and reduce operation cost within the institutions.<\/span><\/p>\n<p lang=\"en-US\" align=\"justify\"><span style=\"color: #000000;\">The project will improve online, distance and mixed learning. <\/span><\/p>\n<p><span lang=\"en-US\" style=\"color: #000000;\">This web-platform will help the management of all laboratorial needs and facilities .<\/span><\/p>\n<p><span lang=\"en-US\" style=\"color: #000000;\">The list of tasks will be the following:<\/span><\/p>\n<p><span style=\"color: #000000;\"><span lang=\"en-US\"><b>Laboratory Equipment Management<\/b><\/span><span lang=\"en-US\">&#8211; Task Leader \/Greek Partner\/University of Thessaly<\/span><\/span><\/p>\n<p><span style=\"color: #000000;\"><span lang=\"en-US\"><b>Chemicals Managements<\/b><\/span><span lang=\"en-US\">&#8211; Task Leader\/Italian Partner\/ University of Siena<\/span><\/span><\/p>\n<p><span style=\"color: #000000;\"><span lang=\"en-US\"><b>Management of Biological Resources- <\/b><\/span><span lang=\"en-US\">Task Leader\/Latvian Partner\/ University of Riga<\/span><\/span><\/p>\n<p><span style=\"color: #000000;\"><span lang=\"en-US\"><b>Laboratory Waste Management-<\/b><\/span><span lang=\"en-US\"> Task Leader\/Portuguese Partner2\/ University of Minho<\/span><\/span><\/p>\n<p><span style=\"color: #000000;\"><span lang=\"en-US\"><b>Laboratory Material Management<\/b><\/span><span lang=\"en-US\">&#8211; Task Leader \/Greek Partner\/University of Thessaly<\/span><\/span><\/p>\n<p><span style=\"color: #000000;\"><span lang=\"en-US\"><b>Laboratory Spaces Management<\/b><\/span><span lang=\"en-US\">&#8211; Task Leader\/Portuguese Partner2\/ University of Minho<\/span><\/span><\/p>\n<p><span style=\"color: #000000;\"><span lang=\"en-US\"><b>Service Management<\/b><\/span><span lang=\"en-US\">&#8211; Task Leader\/Portuguese Partner2\/ University of Minho<\/span><\/span><\/p>\n<p><span style=\"color: #000000;\"><span lang=\"en-US\"><b>Laboratory Safety Management<\/b><\/span><span lang=\"en-US\"> &#8211; Task Leader\/Italian Partner\/ University of Siena<\/span><\/span><\/p>\n<p><span style=\"color: #000000;\"><span lang=\"en-US\"><b>Training Management &#8211;<\/b><\/span><span lang=\"en-US\"> Task Leader\/Latvian Partner\/ University of Riga<\/span><\/span><\/p>\n<p><span style=\"color: #000000;\"><span lang=\"en-US\"><b>Demo Platform Guide-<\/b><\/span><span lang=\"en-US\"> Task Leader\/Portuguese Partner1\/ New Consulting<\/span><\/span><\/p>\n<p lang=\"en-US\" align=\"justify\"><span style=\"color: #000000;\">The platform will promote the implementation and development in institutions of an increased security culture.<\/span><\/p>\n<p lang=\"en-US\" align=\"justify\"><span style=\"color: #000000;\">The exchange of good laboratory management practices between partners at international level is enriching for the project, as it allows the sharing of experiences and the confrontation of ideas, practices and methods to promote the exchange of good laboratory practices to be adopted face to COVID-19 pandemic.<\/span><\/p>\n<p><\/div><\/div><\/div><\/div><\/section><\/div> <!-- .tm-element-heading-wrapper container --> [\/vc_column][vc_column width=&#8221;1\/2&#8243;][vc_single_image image=&#8221;1770&#8243; img_size=&#8221;572&#215;600&#8243; css=&#8221;.vc_custom_1578306310046{margin-bottom: 0px !important;}&#8221;][\/vc_column][\/vc_row][vc_row][vc_column width=&#8221;1\/2&#8243;]<h5 style=\"text-align:center;\" class=\"tm-custom-heading \" >Objectives<\/h5>\n[\/vc_column][vc_column width=&#8221;1\/2&#8243;]<h5 style=\"text-align:center;color:#000000;\" class=\"tm-custom-heading \" >Specific objectives<\/h5>\n[\/vc_column][vc_column width=&#8221;1\/2&#8243;]<ul class=\"tm-list tm-list-style-icon tm-list-icon-color-skincolor tm- tm-icon-skincolor tm-list-textsize- tm-list-icon-library-fontawesome\"><li><i class=\"tm-skincolor fa fa-caret-right\"><\/i>  <span class=\"tm-list-li-content\">to promote an innovative practice in a digital era, capable of meeting expectations\/needs and experiences in a European\/international context face to COVID-19 pandemic<\/span><\/li><li><i class=\"tm-skincolor fa fa-caret-right\"><\/i>  <span class=\"tm-list-li-content\">to create an easy, effective and efficient management tool at the level of institutions with laboratory facilities<\/span><\/li><li><i class=\"tm-skincolor fa fa-caret-right\"><\/i>  <span class=\"tm-list-li-content\">to promote internationalization, in the sense that other institutions will have access to the results<\/span><\/li><li><i class=\"tm-skincolor fa fa-caret-right\"><\/i>  <span class=\"tm-list-li-content\">to promote  transparency and recognition of skills and qualifications<\/span><\/li><li><i class=\"tm-skincolor fa fa-caret-right\"><\/i>  <span class=\"tm-list-li-content\">to contribute to organizational modernization<\/span><\/li><\/ul>[\/vc_column][vc_column width=&#8221;1\/2&#8243;]<ul class=\"tm-list tm-list-style-icon tm-list-icon-color-skincolor tm- tm-icon-skincolor tm-list-textsize- tm-list-icon-library-fontawesome\"><li><i class=\"tm-skincolor fa fa-caret-right\"><\/i>  <span class=\"tm-list-li-content\">Develop a digital tool that allows an easy, effective and efficient management of laboratory facilities, particularly relevant in the context of the COVID19 pandemic<\/span><\/li><li><i class=\"tm-skincolor fa fa-caret-right\"><\/i>  <span class=\"tm-list-li-content\">Evaluate the functionality and usability tests<\/span><\/li><li><i class=\"tm-skincolor fa fa-caret-right\"><\/i>  <span class=\"tm-list-li-content\">Prepare of a Demo Guide to be exemplified the way the EASY GOV platform  works<\/span><\/li><li><i class=\"tm-skincolor fa fa-caret-right\"><\/i>  <span class=\"tm-list-li-content\">Pilot test and evaluate the EASY GOV platform with about fifty participants from each partner university (department\/centres directors, teachers, lab technicians and researchers), who work in laboratories<\/span><\/li><li><i class=\"tm-skincolor fa fa-caret-right\"><\/i>  <span class=\"tm-list-li-content\">Implement and use a collaborative work platform to centralize the documentation<\/span><\/li><li><i class=\"tm-skincolor fa fa-caret-right\"><\/i>  <span class=\"tm-list-li-content\">Disseminate the project\u2019s results to the academia<\/span><\/li><\/ul>[\/vc_column][\/vc_row]<\/p>\n","protected":false},"excerpt":{"rendered":"<p>[vc_row tm_bgimagefixed=&#8221;&#8221; break_in_responsive=&#8221;991&#8243; css=&#8221;.vc_custom_1577969872277{padding-top: 90px !important;padding-bottom: 80px !important;}&#8221; tm_responsive_css=&#8221;48258841|colbreak_no|||||||||colbreak_no|||||35px||50px||colbreak_no||||||||||colbreak_no|||||||||&#8221;][vc_column width=&#8221;1\/2&#8243; css=&#8221;.vc_custom_1574756858211{padding-top: 10px !important;}&#8221;][\/vc_column][vc_column width=&#8221;1\/2&#8243;][vc_single_image image=&#8221;1770&#8243; img_size=&#8221;572&#215;600&#8243; css=&#8221;.vc_custom_1578306310046{margin-bottom: 0px !important;}&#8221;][\/vc_column][\/vc_row][vc_row][vc_column width=&#8221;1\/2&#8243;][\/vc_column][vc_column width=&#8221;1\/2&#8243;][\/vc_column][vc_column width=&#8221;1\/2&#8243;][\/vc_column][vc_column width=&#8221;1\/2&#8243;][\/vc_column][\/vc_row]<\/p>\n","protected":false},"author":1,"featured_media":0,"parent":0,"menu_order":9,"comment_status":"closed","ping_status":"closed","template":"","meta":{"footnotes":""},"class_list":["post-2089","page","type-page","status-publish","hentry"],"yoast_head":"<!-- This site is optimized with the Yoast SEO plugin v27.3 - https:\/\/yoast.com\/product\/yoast-seo-wordpress\/ -->\n<title>Objectives - Easy Gov<\/title>\n<meta name=\"robots\" content=\"index, follow, max-snippet:-1, max-image-preview:large, max-video-preview:-1\" \/>\n<link rel=\"canonical\" href=\"https:\/\/easygov.bio.uminho.pt\/index.php\/objectives\/\" \/>\n<meta property=\"og:locale\" content=\"en_US\" \/>\n<meta property=\"og:type\" content=\"article\" \/>\n<meta property=\"og:title\" content=\"Objectives - Easy Gov\" \/>\n<meta property=\"og:description\" content=\"[vc_row tm_bgimagefixed=&#8221;&#8221; break_in_responsive=&#8221;991&#8243; css=&#8221;.vc_custom_1577969872277{padding-top: 90px !important;padding-bottom: 80px !important;}&#8221; tm_responsive_css=&#8221;48258841|colbreak_no|||||||||colbreak_no|||||35px||50px||colbreak_no||||||||||colbreak_no|||||||||&#8221;][vc_column width=&#8221;1\/2&#8243; css=&#8221;.vc_custom_1574756858211{padding-top: 10px !important;}&#8221;][\/vc_column][vc_column width=&#8221;1\/2&#8243;][vc_single_image image=&#8221;1770&#8243; img_size=&#8221;572&#215;600&#8243; css=&#8221;.vc_custom_1578306310046{margin-bottom: 0px !important;}&#8221;][\/vc_column][\/vc_row][vc_row][vc_column width=&#8221;1\/2&#8243;][\/vc_column][vc_column width=&#8221;1\/2&#8243;][\/vc_column][vc_column width=&#8221;1\/2&#8243;][\/vc_column][vc_column width=&#8221;1\/2&#8243;][\/vc_column][\/vc_row]\" \/>\n<meta property=\"og:url\" content=\"https:\/\/easygov.bio.uminho.pt\/index.php\/objectives\/\" \/>\n<meta property=\"og:site_name\" content=\"Easy Gov\" \/>\n<meta property=\"article:modified_time\" content=\"2022-02-24T15:08:39+00:00\" \/>\n<meta name=\"twitter:card\" content=\"summary_large_image\" \/>\n<meta name=\"twitter:label1\" content=\"Est. reading time\" \/>\n\t<meta name=\"twitter:data1\" content=\"3 minutes\" \/>\n<script type=\"application\/ld+json\" class=\"yoast-schema-graph\">{\"@context\":\"https:\\\/\\\/schema.org\",\"@graph\":[{\"@type\":\"WebPage\",\"@id\":\"https:\\\/\\\/easygov.bio.uminho.pt\\\/index.php\\\/objectives\\\/\",\"url\":\"https:\\\/\\\/easygov.bio.uminho.pt\\\/index.php\\\/objectives\\\/\",\"name\":\"Objectives - Easy Gov\",\"isPartOf\":{\"@id\":\"https:\\\/\\\/easygov.bio.uminho.pt\\\/#website\"},\"datePublished\":\"2021-07-13T14:35:55+00:00\",\"dateModified\":\"2022-02-24T15:08:39+00:00\",\"breadcrumb\":{\"@id\":\"https:\\\/\\\/easygov.bio.uminho.pt\\\/index.php\\\/objectives\\\/#breadcrumb\"},\"inLanguage\":\"en-US\",\"potentialAction\":[{\"@type\":\"ReadAction\",\"target\":[\"https:\\\/\\\/easygov.bio.uminho.pt\\\/index.php\\\/objectives\\\/\"]}]},{\"@type\":\"BreadcrumbList\",\"@id\":\"https:\\\/\\\/easygov.bio.uminho.pt\\\/index.php\\\/objectives\\\/#breadcrumb\",\"itemListElement\":[{\"@type\":\"ListItem\",\"position\":1,\"name\":\"Home\",\"item\":\"https:\\\/\\\/easygov.bio.uminho.pt\\\/\"},{\"@type\":\"ListItem\",\"position\":2,\"name\":\"Objectives\"}]},{\"@type\":\"WebSite\",\"@id\":\"https:\\\/\\\/easygov.bio.uminho.pt\\\/#website\",\"url\":\"https:\\\/\\\/easygov.bio.uminho.pt\\\/\",\"name\":\"Easy Gov\",\"description\":\"\",\"potentialAction\":[{\"@type\":\"SearchAction\",\"target\":{\"@type\":\"EntryPoint\",\"urlTemplate\":\"https:\\\/\\\/easygov.bio.uminho.pt\\\/?s={search_term_string}\"},\"query-input\":{\"@type\":\"PropertyValueSpecification\",\"valueRequired\":true,\"valueName\":\"search_term_string\"}}],\"inLanguage\":\"en-US\"}]}<\/script>\n<!-- \/ Yoast SEO plugin. -->","yoast_head_json":{"title":"Objectives - Easy Gov","robots":{"index":"index","follow":"follow","max-snippet":"max-snippet:-1","max-image-preview":"max-image-preview:large","max-video-preview":"max-video-preview:-1"},"canonical":"https:\/\/easygov.bio.uminho.pt\/index.php\/objectives\/","og_locale":"en_US","og_type":"article","og_title":"Objectives - Easy Gov","og_description":"[vc_row tm_bgimagefixed=&#8221;&#8221; break_in_responsive=&#8221;991&#8243; css=&#8221;.vc_custom_1577969872277{padding-top: 90px !important;padding-bottom: 80px !important;}&#8221; tm_responsive_css=&#8221;48258841|colbreak_no|||||||||colbreak_no|||||35px||50px||colbreak_no||||||||||colbreak_no|||||||||&#8221;][vc_column width=&#8221;1\/2&#8243; css=&#8221;.vc_custom_1574756858211{padding-top: 10px !important;}&#8221;][\/vc_column][vc_column width=&#8221;1\/2&#8243;][vc_single_image image=&#8221;1770&#8243; img_size=&#8221;572&#215;600&#8243; css=&#8221;.vc_custom_1578306310046{margin-bottom: 0px !important;}&#8221;][\/vc_column][\/vc_row][vc_row][vc_column width=&#8221;1\/2&#8243;][\/vc_column][vc_column width=&#8221;1\/2&#8243;][\/vc_column][vc_column width=&#8221;1\/2&#8243;][\/vc_column][vc_column width=&#8221;1\/2&#8243;][\/vc_column][\/vc_row]","og_url":"https:\/\/easygov.bio.uminho.pt\/index.php\/objectives\/","og_site_name":"Easy Gov","article_modified_time":"2022-02-24T15:08:39+00:00","twitter_card":"summary_large_image","twitter_misc":{"Est. reading time":"3 minutes"},"schema":{"@context":"https:\/\/schema.org","@graph":[{"@type":"WebPage","@id":"https:\/\/easygov.bio.uminho.pt\/index.php\/objectives\/","url":"https:\/\/easygov.bio.uminho.pt\/index.php\/objectives\/","name":"Objectives - Easy Gov","isPartOf":{"@id":"https:\/\/easygov.bio.uminho.pt\/#website"},"datePublished":"2021-07-13T14:35:55+00:00","dateModified":"2022-02-24T15:08:39+00:00","breadcrumb":{"@id":"https:\/\/easygov.bio.uminho.pt\/index.php\/objectives\/#breadcrumb"},"inLanguage":"en-US","potentialAction":[{"@type":"ReadAction","target":["https:\/\/easygov.bio.uminho.pt\/index.php\/objectives\/"]}]},{"@type":"BreadcrumbList","@id":"https:\/\/easygov.bio.uminho.pt\/index.php\/objectives\/#breadcrumb","itemListElement":[{"@type":"ListItem","position":1,"name":"Home","item":"https:\/\/easygov.bio.uminho.pt\/"},{"@type":"ListItem","position":2,"name":"Objectives"}]},{"@type":"WebSite","@id":"https:\/\/easygov.bio.uminho.pt\/#website","url":"https:\/\/easygov.bio.uminho.pt\/","name":"Easy Gov","description":"","potentialAction":[{"@type":"SearchAction","target":{"@type":"EntryPoint","urlTemplate":"https:\/\/easygov.bio.uminho.pt\/?s={search_term_string}"},"query-input":{"@type":"PropertyValueSpecification","valueRequired":true,"valueName":"search_term_string"}}],"inLanguage":"en-US"}]}},"_links":{"self":[{"href":"https:\/\/easygov.bio.uminho.pt\/index.php\/wp-json\/wp\/v2\/pages\/2089","targetHints":{"allow":["GET"]}}],"collection":[{"href":"https:\/\/easygov.bio.uminho.pt\/index.php\/wp-json\/wp\/v2\/pages"}],"about":[{"href":"https:\/\/easygov.bio.uminho.pt\/index.php\/wp-json\/wp\/v2\/types\/page"}],"author":[{"embeddable":true,"href":"https:\/\/easygov.bio.uminho.pt\/index.php\/wp-json\/wp\/v2\/users\/1"}],"replies":[{"embeddable":true,"href":"https:\/\/easygov.bio.uminho.pt\/index.php\/wp-json\/wp\/v2\/comments?post=2089"}],"version-history":[{"count":14,"href":"https:\/\/easygov.bio.uminho.pt\/index.php\/wp-json\/wp\/v2\/pages\/2089\/revisions"}],"predecessor-version":[{"id":2262,"href":"https:\/\/easygov.bio.uminho.pt\/index.php\/wp-json\/wp\/v2\/pages\/2089\/revisions\/2262"}],"wp:attachment":[{"href":"https:\/\/easygov.bio.uminho.pt\/index.php\/wp-json\/wp\/v2\/media?parent=2089"}],"curies":[{"name":"wp","href":"https:\/\/api.w.org\/{rel}","templated":true}]}}